{"id":50,"date":"2026-02-24T23:34:02","date_gmt":"2026-02-24T23:34:02","guid":{"rendered":"https:\/\/ecologiamental.com.mx\/?page_id=50"},"modified":"2026-03-19T18:01:40","modified_gmt":"2026-03-19T18:01:40","slug":"inicio","status":"publish","type":"page","link":"https:\/\/ecologiamental.com.mx\/","title":{"rendered":"Atenci\u00f3n psicol\u00f3gica profesional en M\u00e9rida y en l\u00ednea"},"content":{"rendered":"\n<div class=\"wp-block-group alignwide is-content-justification-left is-nowrap is-layout-flex wp-container-core-group-is-layout-fc9f69e7 wp-block-group-is-layout-flex\">\n<div class=\"wp-block-columns is-layout-flex wp-container-core-columns-is-layout-1e964356 wp-block-columns-is-layout-flex\" style=\"margin-top:0;margin-bottom:0;padding-top:0;padding-right:0;padding-bottom:0;padding-left:0\">\n<div class=\"wp-block-column is-layout-flow wp-container-core-column-is-layout-383fc128 wp-block-column-is-layout-flow\" style=\"padding-top:0;padding-right:0;padding-bottom:0;padding-left:0\">\n<p class=\"has-text-color has-link-color wp-elements-aa9ac7ec75c0d04a40e147ce66f46299\" style=\"color:#1f3a5f;font-size:42px\"><strong>Recupera tu equilibrio y bienestar emocional<\/strong><\/p>\n\n\n\n<p class=\"has-text-color has-link-color wp-elements-f9f937f3cdd3521d65d35c2960080fea\" style=\"color:#4b5563;margin-top:24px;margin-bottom:24px;font-size:20px;line-height:1.6\">Soy Alma, Psic\u00f3loga especializada en acompa\u00f1amiento emocional y desarrollo personal.<br>Experiencia en atenci\u00f3n de ansiedad, estr\u00e9s, procesos de duelo y fortalecimiento del bienestar emocional.<\/p>\n\n\n\n<p class=\"has-text-color has-link-color wp-elements-e2e6a9ee789cf46592758bbd9e788a5c\" style=\"color:#4b5563;margin-top:24px;margin-bottom:24px;font-size:20px;line-height:1.6\">Trabajo con un enfoque centrado en el humanismo, basado en la persona, escucha activa, el respeto y la \u00e9tica profesional.<\/p>\n\n\n\n<div class=\"wp-block-buttons is-horizontal is-content-justification-left is-layout-flex wp-container-core-buttons-is-layout-fbb15eba wp-block-buttons-is-layout-flex\">\n<div class=\"wp-block-button has-custom-width wp-block-button__width-75 is-style-outline is-style-outline--1\"><a class=\"wp-block-button__link has-ast-global-color-4-color has-text-color has-background has-link-color has-medium-font-size has-text-align-center has-custom-font-size wp-element-button\" href=\"https:\/\/wa.me\/529991639060?text=Hola%20quiero%20agendar%20una%20cita\" style=\"border-width:14px;border-top-left-radius:47px;border-top-right-radius:47px;border-bottom-left-radius:47px;border-bottom-right-radius:47px;background-color:#10b981;padding-top:23px;padding-right:99px;padding-bottom:23px;padding-left:99px;line-height:1.8\">Agenda tu cita<\/a><\/div>\n<\/div>\n<\/div>\n\n\n\n<div class=\"wp-block-column is-layout-flow wp-container-core-column-is-layout-383fc128 wp-block-column-is-layout-flow\" style=\"padding-top:0;padding-right:0;padding-bottom:0;padding-left:0\">\n<figure class=\"wp-block-image aligncenter size-large has-custom-border\"><img loading=\"lazy\" decoding=\"async\" width=\"1024\" height=\"683\" src=\"https:\/\/ecologiamental.com.mx\/wp-content\/uploads\/2026\/02\/webalma-2-1024x683.png\" alt=\"webalma\" class=\"wp-image-46\" style=\"border-width:6px;border-top-left-radius:59px;border-top-right-radius:59px;border-bottom-left-radius:59px;border-bottom-right-radius:59px\" title=\"Atenci\u00f3n psicol\u00f3gica profesional en M\u00e9rida y en l\u00ednea\" srcset=\"https:\/\/ecologiamental.com.mx\/wp-content\/uploads\/2026\/02\/webalma-2-1024x683.png 1024w, https:\/\/ecologiamental.com.mx\/wp-content\/uploads\/2026\/02\/webalma-2-300x200.png 300w, https:\/\/ecologiamental.com.mx\/wp-content\/uploads\/2026\/02\/webalma-2-768x512.png 768w, https:\/\/ecologiamental.com.mx\/wp-content\/uploads\/2026\/02\/webalma-2.png 1536w\" sizes=\"auto, (max-width: 1024px) 100vw, 1024px\" \/><\/figure>\n<\/div>\n<\/div>\n<\/div>\n\n\n\n<h2 class=\"wp-block-heading alignwide has-text-color has-link-color wp-elements-85b4547c1a7e995a8b782f4270b61629\" style=\"color:#1f3a5f;margin-right:80px;margin-left:80px\">\u00bfC\u00f3mo podemos ayudarte?<\/h2>\n\n\n\n<p class=\"has-text-align-left has-text-color has-link-color wp-elements-3b1af0797909ca913ca5b807b2593e6c\" style=\"color:#4b5563;margin-top:0;margin-right:0rem;margin-bottom:0;margin-left:0rem;font-size:20px\">Te ofrecemos acompa\u00f1amiento profesional para ayudarte a recuperar equilibrio emocional, afrontar procesos dif\u00edciles y fortalecer tu bienestar personal.<\/p>\n\n\n\n<!--more-->\n\n\n\n<h2 class=\"wp-block-heading\" id=\"servicios\" style=\"font-size:45px\">Servicios<\/h2>\n\n\n\n<h3 class=\"wp-block-heading has-text-color has-link-color has-medium-font-size wp-elements-16c8403aec9ec79d7811133e1e8fffc3\" style=\"color:#1f3a5f\">Psicoterapia<\/h3>\n\n\n\n<p class=\"has-text-color has-link-color has-medium-font-size wp-elements-6d08f48077a6d3f9ef60877d3ca10f57\" style=\"color:#4b5563\">Acompa\u00f1amiento psicol\u00f3gico para trabajar ansiedad, estr\u00e9s, relaciones personales y bienestar emocional.<\/p>\n\n\n\n<h3 class=\"wp-block-heading has-text-color has-link-color wp-elements-45cad8c0d695c2c1edd5f1ab931321dd\" style=\"color:#1f3a5f\">Tanatolog\u00eda<\/h3>\n\n\n\n<p class=\"has-text-color has-link-color has-medium-font-size wp-elements-26f4d5dc4c253e2fb34252ac9f7442dd\" style=\"color:#4b5563\">Acompa\u00f1amiento en procesos de p\u00e9rdida, duelo y cambios importantes en la vida.<\/p>\n\n\n\n<h3 class=\"wp-block-heading has-text-color has-link-color wp-elements-972570b2ee2baf1bca3620950046bc62\" style=\"color:#1f3a5f\">Desarrollo personal<\/h3>\n\n\n\n<p class=\"has-text-color has-link-color has-medium-font-size wp-elements-6a84147131a99cdf2e63b3e8bd0c6c0b\" style=\"color:#4b5563\">Espacios de crecimiento personal orientados al autoconocimiento y fortalecimiento emocional.<\/p>\n\n\n\n<h3 class=\"wp-block-heading\">Peritajes Psicol\u00f3gicos<\/h3>\n\n\n\n<p>Dict\u00e1menes, evaluaciones, realizados con modernas pruebas Psicol\u00f3gicas<\/p>\n\n\n\n<h2 class=\"wp-block-heading has-text-color has-link-color wp-elements-7a0274c58034b780019e1889e34c0a69\" id=\"about\" style=\"color:#1f3a5f\">Conoce a Alma<\/h2>\n\n\n\n<div class=\"wp-block-columns is-layout-flex wp-container-core-columns-is-layout-28f84493 wp-block-columns-is-layout-flex\">\n<div class=\"wp-block-column is-vertically-aligned-center is-layout-flow wp-block-column-is-layout-flow\">\n<div class=\"wp-block-group is-nowrap is-layout-flex wp-container-core-group-is-layout-6c531013 wp-block-group-is-layout-flex\">\n<figure class=\"wp-block-image size-large\"><img loading=\"lazy\" decoding=\"async\" width=\"960\" height=\"960\" src=\"https:\/\/ecologiamental.com.mx\/wp-content\/uploads\/2026\/03\/alma-edited.jpeg\" alt=\"alma\" class=\"wp-image-91\" title=\"Atenci\u00f3n psicol\u00f3gica profesional en M\u00e9rida y en l\u00ednea\" srcset=\"https:\/\/ecologiamental.com.mx\/wp-content\/uploads\/2026\/03\/alma-edited.jpeg 960w, https:\/\/ecologiamental.com.mx\/wp-content\/uploads\/2026\/03\/alma-edited-300x300.jpeg 300w, https:\/\/ecologiamental.com.mx\/wp-content\/uploads\/2026\/03\/alma-edited-150x150.jpeg 150w, https:\/\/ecologiamental.com.mx\/wp-content\/uploads\/2026\/03\/alma-edited-768x768.jpeg 768w\" sizes=\"auto, (max-width: 960px) 100vw, 960px\" \/><\/figure>\n<\/div>\n<\/div>\n\n\n\n<div class=\"wp-block-column is-vertically-aligned-center is-layout-flow wp-block-column-is-layout-flow\">\n<p class=\"has-text-color has-link-color wp-elements-062a5e43a077ee903a80ba74ddb76780\" style=\"color:#4b5563;font-size:25px\">Soy Alma, y mi vocaci\u00f3n es acompa\u00f1ar a las personas en momentos importantes de su vida.<\/p>\n\n\n\n<p class=\"has-text-color has-link-color wp-elements-10cfc513f693c8b2687944e46398e773\" style=\"color:#4b5563;font-size:25px\">Psic\u00f3loga especializada en acompa\u00f1amiento emocional y desarrollo personal, con experiencia en atenci\u00f3n de ansiedad, estr\u00e9s, procesos de duelo y bienestar psicol\u00f3gico.<\/p>\n\n\n\n<p class=\"has-text-color has-link-color wp-elements-ccb0771d46d522a9ef41965bac1304c1\" style=\"color:#4b5563;font-size:25px\">Trabajo desde un enfoque humanista centrado en la persona, basado en la escucha activa, la \u00e9tica profesional y el respeto por cada proceso individual.<\/p>\n<\/div>\n<\/div>\n\n\n\n<h2 class=\"wp-block-heading\" id=\"actividades\">Actividades<\/h2>\n\n\n\n<div class=\"wp-block-columns is-layout-flex wp-container-core-columns-is-layout-28f84493 wp-block-columns-is-layout-flex\">\n<div class=\"wp-block-column is-layout-flow wp-block-column-is-layout-flow\">\n<figure class=\"wp-block-image size-large\"><img loading=\"lazy\" decoding=\"async\" width=\"1024\" height=\"760\" src=\"https:\/\/ecologiamental.com.mx\/wp-content\/uploads\/2026\/03\/alma-cursos-1-1024x760.jpeg\" alt=\"alma cursos 1\" class=\"wp-image-131\" title=\"Atenci\u00f3n psicol\u00f3gica profesional en M\u00e9rida y en l\u00ednea\" srcset=\"https:\/\/ecologiamental.com.mx\/wp-content\/uploads\/2026\/03\/alma-cursos-1-1024x760.jpeg 1024w, https:\/\/ecologiamental.com.mx\/wp-content\/uploads\/2026\/03\/alma-cursos-1-300x223.jpeg 300w, https:\/\/ecologiamental.com.mx\/wp-content\/uploads\/2026\/03\/alma-cursos-1-768x570.jpeg 768w, https:\/\/ecologiamental.com.mx\/wp-content\/uploads\/2026\/03\/alma-cursos-1-1536x1139.jpeg 1536w, https:\/\/ecologiamental.com.mx\/wp-content\/uploads\/2026\/03\/alma-cursos-1.jpeg 1599w\" sizes=\"auto, (max-width: 1024px) 100vw, 1024px\" \/><\/figure>\n\n\n\n<p>Diplomados y cursos especializados<\/p>\n<\/div>\n\n\n\n<div class=\"wp-block-column is-layout-flow wp-block-column-is-layout-flow\">\n<figure class=\"wp-block-image size-large\"><img loading=\"lazy\" decoding=\"async\" width=\"768\" height=\"1024\" src=\"https:\/\/ecologiamental.com.mx\/wp-content\/uploads\/2026\/03\/diplomado-768x1024.jpeg\" alt=\"diplomado\" class=\"wp-image-133\" title=\"Atenci\u00f3n psicol\u00f3gica profesional en M\u00e9rida y en l\u00ednea\" srcset=\"https:\/\/ecologiamental.com.mx\/wp-content\/uploads\/2026\/03\/diplomado-768x1024.jpeg 768w, https:\/\/ecologiamental.com.mx\/wp-content\/uploads\/2026\/03\/diplomado-225x300.jpeg 225w, https:\/\/ecologiamental.com.mx\/wp-content\/uploads\/2026\/03\/diplomado-1152x1536.jpeg 1152w, https:\/\/ecologiamental.com.mx\/wp-content\/uploads\/2026\/03\/diplomado.jpeg 1200w\" sizes=\"auto, (max-width: 768px) 100vw, 768px\" \/><\/figure>\n<\/div>\n\n\n\n<div class=\"wp-block-column is-layout-flow wp-block-column-is-layout-flow\">\n<figure class=\"wp-block-image size-large\"><img loading=\"lazy\" decoding=\"async\" width=\"1024\" height=\"768\" src=\"https:\/\/ecologiamental.com.mx\/wp-content\/uploads\/2026\/03\/curso-2-1024x768.jpeg\" alt=\"curso 2\" class=\"wp-image-132\" title=\"Atenci\u00f3n psicol\u00f3gica profesional en M\u00e9rida y en l\u00ednea\" srcset=\"https:\/\/ecologiamental.com.mx\/wp-content\/uploads\/2026\/03\/curso-2-1024x768.jpeg 1024w, https:\/\/ecologiamental.com.mx\/wp-content\/uploads\/2026\/03\/curso-2-300x225.jpeg 300w, https:\/\/ecologiamental.com.mx\/wp-content\/uploads\/2026\/03\/curso-2-768x576.jpeg 768w, https:\/\/ecologiamental.com.mx\/wp-content\/uploads\/2026\/03\/curso-2.jpeg 1280w\" sizes=\"auto, (max-width: 1024px) 100vw, 1024px\" \/><\/figure>\n\n\n\n<p>Cursos a organizaciones civiles o gubernamentales<\/p>\n<\/div>\n<\/div>\n\n\n\n<h2 class=\"wp-block-heading has-large-font-size\" id=\"whyus\"><strong>\u00bfPor qu\u00e9 elegir Ecolog\u00eda Mental?<\/strong><\/h2>\n\n\n\n<p>Porque entendemos que cada historia es \u00fanica y merece ser escuchada con respeto, sensibilidad y profesionalismo.<\/p>\n\n\n\n<p>En Ecolog\u00eda Mental encontrar\u00e1s un espacio seguro donde podr\u00e1s expresar tus emociones, comprender tus procesos y desarrollar herramientas para recuperar tu equilibrio y bienestar personal.<\/p>\n\n\n\n<p>Nuestro compromiso es acompa\u00f1arte con cercan\u00eda humana, \u00e9tica profesional y absoluta confidencialidad en cada paso de tu proceso.<\/p>\n\n\n\n<h2 class=\"wp-block-heading has-large-font-size\" id=\"contact\">Acompa\u00f1amiento profesional para tu bienestar emocional<\/h2>\n\n\n\n<p>Si est\u00e1s pasando por un momento dif\u00edcil o deseas fortalecer tu bienestar emocional, puedes comunicarte para agendar una consulta o solicitar m\u00e1s informaci\u00f3n.<\/p>\n\n\n\n<p>Ser\u00e1 un gusto acompa\u00f1arte en este proceso con atenci\u00f3n profesional, sensibilidad humana y absoluta confidencialidad.<\/p>\n\n\n\n<p>Trabajamos desde un enfoque integral de la salud mental, brindando herramientas que te permitan recuperar tu equilibrio emocional y mejorar tu calidad de vida.<\/p>\n\n\n\n<div class=\"wp-block-columns is-layout-flex wp-container-core-columns-is-layout-28f84493 wp-block-columns-is-layout-flex\">\n<div class=\"wp-block-column has-large-font-size is-layout-flow wp-block-column-is-layout-flow\">\n<p class=\"has-text-align-center has-medium-font-size\">\ud83d\udccd <strong>Ubicaci\u00f3n<\/strong><br>Calle 41 #209 x 50 y 52 M\u00e9rida Yucat\u00e1n M\u00e9xico. <a href=\"https:\/\/maps.app.goo.gl\/1mF8QeaSbAZaN2FBA\">https:\/\/maps.app.goo.gl\/1mF8QeaSbAZaN2FBA<\/a><\/p>\n<\/div>\n\n\n\n<div class=\"wp-block-column has-large-font-size is-layout-flow wp-block-column-is-layout-flow\">\n<p class=\"has-text-align-center has-large-font-size\">\ud83d\udcde <strong>Tel\u00e9fono \/ WhatsApp<\/strong><br>999 2692804<\/p>\n<\/div>\n\n\n\n<div class=\"wp-block-column has-large-font-size is-layout-flow wp-block-column-is-layout-flow\">\n<p class=\"has-text-align-center has-medium-font-size\">\ud83d\udcc5 <strong>Modalidad de atenci\u00f3n<\/strong><br><\/p>\n\n\n\n<p class=\"has-text-align-center has-medium-font-size\">Sesiones presenciales y en l\u00ednea.<\/p>\n<\/div>\n<\/div>\n\n\n\n<div class=\"wp-block-buttons is-content-justification-left is-layout-flex wp-container-core-buttons-is-layout-fc4fd283 wp-block-buttons-is-layout-flex\">\n<div class=\"wp-block-button has-custom-width wp-block-button__width-75 is-style-outline is-style-outline--2\"><a class=\"wp-block-button__link has-ast-global-color-4-color has-text-color has-background has-link-color has-x-large-font-size has-text-align-center has-custom-font-size wp-element-button\" href=\"https:\/\/wa.me\/529992692804?text=Hola%20quiero%20agendar%20una%20cita\" style=\"border-width:14px;border-top-left-radius:47px;border-top-right-radius:47px;border-bottom-left-radius:47px;border-bottom-right-radius:47px;background-color:#10b981;padding-top:23px;padding-right:99px;padding-bottom:23px;padding-left:99px;line-height:1.8\">Agenda tu cita<\/a><\/div>\n<\/div>\n\n\n\n<p><\/p>\n","protected":false},"excerpt":{"rendered":"<p>Recupera tu equilibrio y bienestar emocional Soy Alma, Psic\u00f3loga especializada en acompa\u00f1amiento emocional y desarrollo personal.Experiencia en atenci\u00f3n de ansiedad, [&hellip;]<\/p>\n","protected":false},"author":1,"featured_media":0,"parent":0,"menu_order":0,"comment_status":"closed","ping_status":"closed","template":"","meta":{"site-sidebar-layout":"default","site-content-layout":"","ast-site-content-layout":"full-width-container","site-content-style":"boxed","site-sidebar-style":"default","ast-global-header-display":"","ast-banner-title-visibility":"","ast-main-header-display":"","ast-hfb-above-header-display":"","ast-hfb-below-header-display":"","ast-hfb-mobile-header-display":"","site-post-title":"","ast-breadcrumbs-content":"","ast-featured-img":"","footer-sml-layout":"","ast-disable-related-posts":"","theme-transparent-header-meta":"","adv-header-id-meta":"","stick-header-meta":"","header-above-stick-meta":"","header-main-stick-meta":"","header-below-stick-meta":"","astra-migrate-meta-layouts":"default","ast-page-background-enabled":"default","ast-page-background-meta":{"desktop":{"background-color":"var(--ast-global-color-5)","background-image":"","background-repeat":"repeat","background-position":"center center","background-size":"auto","background-attachment":"scroll","background-type":"","background-media":"","overlay-type":"","overlay-color":"","overlay-opacity":"","overlay-gradient":""},"tablet":{"background-color":"","background-image":"","background-repeat":"repeat","background-position":"center center","background-size":"auto","background-attachment":"scroll","background-type":"","background-media":"","overlay-type":"","overlay-color":"","overlay-opacity":"","overlay-gradient":""},"mobile":{"background-color":"","background-image":"","background-repeat":"repeat","background-position":"center center","background-size":"auto","background-attachment":"scroll","background-type":"","background-media":"","overlay-type":"","overlay-color":"","overlay-opacity":"","overlay-gradient":""}},"ast-content-background-meta":{"desktop":{"background-color":"var(--ast-global-color-4)","background-image":"","background-repeat":"repeat","background-position":"center center","background-size":"auto","background-attachment":"scroll","background-type":"","background-media":"","overlay-type":"","overlay-color":"","overlay-opacity":"","overlay-gradient":""},"tablet":{"background-color":"var(--ast-global-color-4)","background-image":"","background-repeat":"repeat","background-position":"center center","background-size":"auto","background-attachment":"scroll","background-type":"","background-media":"","overlay-type":"","overlay-color":"","overlay-opacity":"","overlay-gradient":""},"mobile":{"background-color":"var(--ast-global-color-4)","background-image":"","background-repeat":"repeat","background-position":"center center","background-size":"auto","background-attachment":"scroll","background-type":"","background-media":"","overlay-type":"","overlay-color":"","overlay-opacity":"","overlay-gradient":""}},"_joinchat":[],"footnotes":""},"class_list":["post-50","page","type-page","status-publish","hentry"],"_links":{"self":[{"href":"https:\/\/ecologiamental.com.mx\/index.php?rest_route=\/wp\/v2\/pages\/50","targetHints":{"allow":["GET"]}}],"collection":[{"href":"https:\/\/ecologiamental.com.mx\/index.php?rest_route=\/wp\/v2\/pages"}],"about":[{"href":"https:\/\/ecologiamental.com.mx\/index.php?rest_route=\/wp\/v2\/types\/page"}],"author":[{"embeddable":true,"href":"https:\/\/ecologiamental.com.mx\/index.php?rest_route=\/wp\/v2\/users\/1"}],"replies":[{"embeddable":true,"href":"https:\/\/ecologiamental.com.mx\/index.php?rest_route=%2Fwp%2Fv2%2Fcomments&post=50"}],"version-history":[{"count":81,"href":"https:\/\/ecologiamental.com.mx\/index.php?rest_route=\/wp\/v2\/pages\/50\/revisions"}],"predecessor-version":[{"id":170,"href":"https:\/\/ecologiamental.com.mx\/index.php?rest_route=\/wp\/v2\/pages\/50\/revisions\/170"}],"wp:attachment":[{"href":"https:\/\/ecologiamental.com.mx\/index.php?rest_route=%2Fwp%2Fv2%2Fmedia&parent=50"}],"curies":[{"name":"wp","href":"https:\/\/api.w.org\/{rel}","templated":true}]}}